{"id":602,"date":"2018-11-13T13:28:34","date_gmt":"2018-11-13T13:28:34","guid":{"rendered":"https:\/\/themes.getmotopress.com\/palmeria\/?page_id=42"},"modified":"2020-08-18T23:32:12","modified_gmt":"2020-08-18T23:32:12","slug":"welcome-to-palmeria-hotel","status":"publish","type":"page","link":"https:\/\/siedliskoszymonka.pl\/","title":{"rendered":"Witamy w Siedlisku Szymonka"},"content":{"rendered":"","protected":false},"excerpt":{"rendered":"<p>Stworzyli\u015bmy miejsce wyj\u0105tkowe, z dala od ha\u0142asu i zgie\u0142ku gdzie mo\u017cesz odpocz\u0105\u0107 i nabra\u0107 energii. Po\u015br\u00f3d mazurskich \u0142\u0105k i jezior znajduje si\u0119 nasze siedlisko, otoczone jedynie dzik\u0105 przyrod\u0105.<\/p>\n","protected":false},"author":1,"featured_media":705,"parent":0,"menu_order":0,"comment_status":"closed","ping_status":"closed","template":"template-front-page.php","meta":{"_monsterinsights_skip_tracking":false,"_monsterinsights_sitenote_active":false,"_monsterinsights_sitenote_note":"","_monsterinsights_sitenote_category":0,"footnotes":""},"class_list":["post-602","page","type-page","status-publish","has-post-thumbnail","hentry"],"jetpack_sharing_enabled":true,"_links":{"self":[{"href":"https:\/\/siedliskoszymonka.pl\/index.php?rest_route=\/wp\/v2\/pages\/602","targetHints":{"allow":["GET"]}}],"collection":[{"href":"https:\/\/siedliskoszymonka.pl\/index.php?rest_route=\/wp\/v2\/pages"}],"about":[{"href":"https:\/\/siedliskoszymonka.pl\/index.php?rest_route=\/wp\/v2\/types\/page"}],"author":[{"embeddable":true,"href":"https:\/\/siedliskoszymonka.pl\/index.php?rest_route=\/wp\/v2\/users\/1"}],"replies":[{"embeddable":true,"href":"https:\/\/siedliskoszymonka.pl\/index.php?rest_route=%2Fwp%2Fv2%2Fcomments&post=602"}],"version-history":[{"count":4,"href":"https:\/\/siedliskoszymonka.pl\/index.php?rest_route=\/wp\/v2\/pages\/602\/revisions"}],"predecessor-version":[{"id":710,"href":"https:\/\/siedliskoszymonka.pl\/index.php?rest_route=\/wp\/v2\/pages\/602\/revisions\/710"}],"wp:featuredmedia":[{"embeddable":true,"href":"https:\/\/siedliskoszymonka.pl\/index.php?rest_route=\/wp\/v2\/media\/705"}],"wp:attachment":[{"href":"https:\/\/siedliskoszymonka.pl\/index.php?rest_route=%2Fwp%2Fv2%2Fmedia&parent=602"}],"curies":[{"name":"wp","href":"https:\/\/api.w.org\/{rel}","templated":true}]}}